{"id":16,"date":"2024-01-16T22:50:51","date_gmt":"2024-01-16T22:50:51","guid":{"rendered":"https:\/\/proyectosdeingenieriagt.com\/?page_id=16"},"modified":"2024-03-21T23:25:56","modified_gmt":"2024-03-21T23:25:56","slug":"acerca-de","status":"publish","type":"page","link":"https:\/\/proyectosdeingenieriagt.com\/index.php\/acerca-de\/","title":{"rendered":"Acerca de"},"content":{"rendered":"\n\n\n\n\n\n\n<div class=\"section-wrapper\" data-id=\"Vnh01w\"><section class=\"wp-block-gutenverse-section guten-element guten-section guten-Vnh01w layout-boxed align-stretch\"><div class=\"guten-background-overlay\"><\/div><div class=\"guten-shape-divider guten-shape-divider-top\"><\/div><div class=\"guten-shape-divider guten-shape-divider-bottom\"><\/div><div class=\"guten-container guten-column-gap-default\">\n<div class=\"wp-block-gutenverse-column guten-element guten-column guten-x4HI5u\"><div class=\"guten-background-overlay\"><\/div><div class=\"sticky-wrapper\" data-id=\"x4HI5u\"><div class=\"guten-column-wrapper\">\n<h2 class=\"wp-block-gutenverse-heading guten-element guten-EBtrsb\">Acerca de<\/h2>\n\n\n\n<div class=\"guten-element guten-icon-list guten-ZW8ocs inline-icon-list\">\n<div class=\"guten-element guten-icon-list-item guten-sicaeL\"><a id=\"guten-sicaeL\"><span class=\"list-text no-icon\">Inicio<\/span><\/a><\/div>\n\n\n\n<div class=\"guten-element guten-icon-list-item guten-AXsPLs\"><a id=\"guten-AXsPLs\"><i class=\"fas fa-chevron-right\"><\/i><span class=\"list-text \">Acerca de<\/span><\/a><\/div>\n<\/div>\n<\/div><\/div><\/div>\n<\/div><\/section><\/div>\n\n\n\n<div class=\"section-wrapper\" data-id=\"byxivr\"><section class=\"wp-block-gutenverse-section guten-element guten-section guten-byxivr layout-boxed align-stretch\"><div class=\"guten-background-overlay\"><\/div><div class=\"guten-shape-divider guten-shape-divider-top\"><\/div><div class=\"guten-shape-divider guten-shape-divider-bottom\"><\/div><div class=\"guten-container guten-column-gap-no\">\n<div class=\"wp-block-gutenverse-column guten-element guten-column guten-e7s6oB\"><div class=\"guten-background-overlay\"><\/div><div class=\"sticky-wrapper\" data-id=\"e7s6oB\"><div class=\"guten-column-wrapper\">\n<h6 class=\"wp-block-gutenverse-heading guten-element guten-ovT8lH animated guten-element-hide desktop-fadeInLeft\">\u00a1Bienvenido a Proyectos de Ingenier\u00eda, tu mejor elecci\u00f3n en construcci\u00f3n!<\/h6>\n\n\n\n<div class=\"guten-element gutenverse-text-editor guten-BbcUsG animated guten-element-hide desktop-fadeInLeft\"><div class=\"text-content-inner\">\n<p>En Proyectos de Ingenier\u00eda, nos dedicamos a ofrecer soluciones de construcci\u00f3n de calidad excepcional y servicio personalizado para satisfacer tus necesidades.<\/p>\n<\/div><\/div>\n\n\n\n<div class=\"guten-element guten-icon-list guten-bo36tw animated guten-element-hide desktop-fadeInLeft\">\n<div class=\"guten-element guten-icon-list-item guten-pqRGKR\"><a id=\"guten-pqRGKR\"><i class=\"fas fa-check\"><\/i><span class=\"list-text \"><strong>Puntualidad y precisi\u00f3n<\/strong>  Entregamos a tiempo y con calidad.<\/span><\/a><\/div>\n\n\n\n<div class=\"guten-element guten-icon-list-item guten-lsL56L\"><a id=\"guten-lsL56L\"><i class=\"fas fa-check\"><\/i><span class=\"list-text \"><strong>Excelencia garantizada<\/strong>  Calidad superior en todos los detalles.<\/span><\/a><\/div>\n\n\n\n<div class=\"guten-element guten-icon-list-item guten-D3Frit\"><a id=\"guten-D3Frit\"><i class=\"fas fa-check\"><\/i><span class=\"list-text \"><strong>Servicio a medida<\/strong> Adaptamos todo a tus necesidades.<\/span><\/a><\/div>\n\n\n\n<div class=\"guten-element guten-icon-list-item guten-V3ua88\"><a id=\"guten-V3ua88\"><i class=\"fas fa-check\"><\/i><span class=\"list-text \"><strong>Atenci\u00f3n personalizada<\/strong> Siempre disponibles para ayudarte.<\/span><\/a><\/div>\n<\/div>\n<\/div><\/div><\/div>\n\n\n\n<div class=\"wp-block-gutenverse-column guten-element guten-column guten-mLj5xy hide-mobile\"><div class=\"guten-background-overlay\"><\/div><div class=\"sticky-wrapper\" data-id=\"mLj5xy\"><div class=\"guten-column-wrapper\">\n<div class=\"wp-block-gutenverse-image guten-element guten-image guten-pilCbC animated guten-element-hide desktop-fadeInUp\"><a class=\"guten-image-wrapper\"><img loading=\"lazy\" decoding=\"async\" class=\"gutenverse-image-box-filled\" src=\"https:\/\/proyectosdeingenieriagt.com\/wp-content\/themes\/renovater\/assets\/img\/iphone-mobile-person-model-spring-phone-513213-pxhere.com.webp\" height=\"2000\" width=\"1339\"\/><\/a><\/div>\n\n\n\n<div class=\"guten-element guten-WbhhES animated guten-element-hide desktop-fadeInUp guten-fun-fact align-center hover-from-left\"><div class=\"fun-fact-inner\"><div class=\"content\"><div class=\"number-wrapper\"><span class=\"prefix\"> <\/span><span class=\"number loaded\" data-number=\"25\" data-duration=\"3500\"><\/span><span class=\"suffix\">+<\/span><\/div><span class=\"title\">A\u00f1os de experiencia<\/span><\/div><\/div><\/div>\n<\/div><\/div><\/div>\n\n\n\n<div class=\"wp-block-gutenverse-column guten-element guten-column guten-8bLC4o animated guten-element-hide desktop-fadeInUp hide-mobile\"><div class=\"guten-background-overlay\"><\/div><div class=\"sticky-wrapper\" data-id=\"8bLC4o\"><div class=\"guten-column-wrapper\">\n<div class=\"wp-block-gutenverse-icon guten-element guten-0mQFpu guten-icon\"><span class=\"guten-icon-wrapper square stacked\"><i class=\"gtn gtn-play-button-light\"><\/i><\/span><\/div>\n\n\n\n<div class=\"wp-block-gutenverse-image guten-element guten-image guten-lguQ9y\"><a class=\"guten-image-wrapper\"><img loading=\"lazy\" decoding=\"async\" class=\"gutenverse-image-box-filled\" src=\"https:\/\/proyectosdeingenieriagt.com\/wp-content\/themes\/renovater\/assets\/img\/ground-asphalt-construction-truck-vehicle-equipment-1132531-pxhere.com.webp\" height=\"2560\" width=\"1706\"\/><\/a><\/div>\n<\/div><\/div><\/div>\n<\/div><\/section><\/div>\n\n\n\n<div class=\"section-wrapper\" data-id=\"RbNAVf\"><section class=\"wp-block-gutenverse-section guten-element guten-section guten-RbNAVf layout-boxed align-stretch\"><div class=\"guten-background-overlay\"><\/div><div class=\"guten-shape-divider guten-shape-divider-top\"><\/div><div class=\"guten-shape-divider guten-shape-divider-bottom\"><\/div><div class=\"guten-container guten-column-gap-default\">\n<div class=\"wp-block-gutenverse-column guten-element guten-column guten-cfJMek\"><div class=\"guten-background-overlay\"><\/div><div class=\"sticky-wrapper\" data-id=\"cfJMek\"><div class=\"guten-column-wrapper\">\n<h2 class=\"wp-block-gutenverse-heading guten-element guten-B4djhT animated guten-element-hide desktop-fadeInLeft\">Resultados asombrosos<\/h2>\n\n\n\n<div class=\"guten-element gutenverse-text-editor guten-hb1THh animated guten-element-hide desktop-fadeInLeft\"><div class=\"text-content-inner\">\n<p class=\"has-white-color has-text-color\">Nuestra pasi\u00f3n por la ingenier\u00eda nos impulsa a seguir innovando y superando expectativas. En&nbsp;<strong>Proyectos de Ingenier\u00eda<\/strong>, no solo construimos, sino tambi\u00e9n&nbsp;<strong>realizamos sue\u00f1os<\/strong>&nbsp;y creamos espacios que mejoran la vida de las personas.&nbsp;\u00a1Estamos comprometidos con la excelencia y la satisfacci\u00f3n de nuestros clientes!&nbsp;<\/p>\n<\/div><\/div>\n\n\n\n<div class=\"section-wrapper\" data-id=\"ZWpwTs\"><section class=\"wp-block-gutenverse-section guten-element guten-section guten-ZWpwTs layout-boxed align-stretch\"><div class=\"guten-background-overlay\"><\/div><div class=\"guten-shape-divider guten-shape-divider-top\"><\/div><div class=\"guten-shape-divider guten-shape-divider-bottom\"><\/div><div class=\"guten-container guten-column-gap-no\">\n<div class=\"wp-block-gutenverse-column guten-element guten-column guten-2DFQrt\"><div class=\"guten-background-overlay\"><\/div><div class=\"sticky-wrapper\" data-id=\"2DFQrt\"><div class=\"guten-column-wrapper\">\n<div class=\"guten-element guten-0GjeK6 animated guten-element-hide desktop-fadeInUp guten-fun-fact align-center hover-from-left\"><div class=\"fun-fact-inner\"><div class=\"icon\"><i class=\"gtn gtn-deal-light\"><\/i><\/div><div class=\"content\"><div class=\"number-wrapper\"><span class=\"prefix\"> <\/span><span class=\"number loaded\" data-number=\"950\" data-duration=\"3500\"><\/span><span class=\"suffix\">+<\/span><\/div><span class=\"title\">Proyectos exitosos<\/span><\/div><\/div><\/div>\n<\/div><\/div><\/div>\n\n\n\n<div class=\"wp-block-gutenverse-column guten-element guten-column guten-QOn9VZ\"><div class=\"guten-background-overlay\"><\/div><div class=\"sticky-wrapper\" data-id=\"QOn9VZ\"><div class=\"guten-column-wrapper\">\n<div class=\"guten-element guten-RBBBCR animated guten-element-hide desktop-fadeInUp guten-fun-fact align-center hover-from-left\"><div class=\"fun-fact-inner\"><div class=\"icon\"><i class=\"gtn gtn-User-light\"><\/i><\/div><div class=\"content\"><div class=\"number-wrapper\"><span class=\"prefix\"> <\/span><span class=\"number loaded\" data-number=\"200\" data-duration=\"3500\"><\/span><span class=\"suffix\">+<\/span><\/div><span class=\"title\">Clientes satisfechos<\/span><\/div><\/div><\/div>\n<\/div><\/div><\/div>\n\n\n\n<div class=\"wp-block-gutenverse-column guten-element guten-column guten-nuCbWo\"><div class=\"guten-background-overlay\"><\/div><div class=\"sticky-wrapper\" data-id=\"nuCbWo\"><div class=\"guten-column-wrapper\">\n<div class=\"guten-element guten-UP9CQ0 animated guten-element-hide desktop-fadeInUp hide-mobile guten-fun-fact align-center hover-from-left\"><div class=\"fun-fact-inner\"><div class=\"icon\"><i class=\"gtn gtn-team-2-line\"><\/i><\/div><div class=\"content\"><div class=\"number-wrapper\"><span class=\"prefix\"> <\/span><span class=\"number loaded\" data-number=\"40\" data-duration=\"3500\"><\/span><span class=\"suffix\"><\/span><\/div><span class=\"title\">Equipo profesional<\/span><\/div><\/div><\/div>\n<\/div><\/div><\/div>\n<\/div><\/section><\/div>\n<\/div><\/div><\/div>\n\n\n\n<div class=\"wp-block-gutenverse-column guten-element guten-column guten-bWMmGu hide-tablet hide-mobile\"><div class=\"guten-background-overlay\"><\/div><div class=\"sticky-wrapper\" data-id=\"bWMmGu\"><div class=\"guten-column-wrapper\"><\/div><\/div><\/div>\n<\/div><\/section><\/div>\n\n\n\n<div class=\"section-wrapper\" data-id=\"we1taV\"><section class=\"wp-block-gutenverse-section guten-element guten-section guten-we1taV layout-boxed align-stretch\"><div class=\"guten-background-overlay\"><\/div><div class=\"guten-shape-divider guten-shape-divider-top\"><\/div><div class=\"guten-shape-divider guten-shape-divider-bottom\"><\/div><div class=\"guten-container guten-column-gap-default\">\n<div class=\"wp-block-gutenverse-column guten-element guten-column guten-N3FuLH\"><div class=\"guten-background-overlay\"><\/div><div class=\"sticky-wrapper\" data-id=\"N3FuLH\"><div class=\"guten-column-wrapper\">\n<h2 class=\"wp-block-gutenverse-heading guten-element guten-sMwWXJ animated guten-element-hide desktop-fadeInUp\">Casos de \u00e9xito<\/h2>\n\n\n\n<div class=\"guten-element gutenverse-text-editor guten-zKZZ2N animated guten-element-hide desktop-fadeInUp\"><div class=\"text-content-inner\">\n<p>Sed ut perspiciatis unde omnis iste natus error sit voluptatem accusantium doloremque laudantium totam rem aperiam<\/p>\n<\/div><\/div>\n\n\n\n<div class=\"section-wrapper\" data-id=\"3tubVr\"><section class=\"wp-block-gutenverse-section guten-element guten-section guten-3tubVr animated guten-element-hide desktop-fadeInUp layout-boxed align-stretch\"><div class=\"guten-background-overlay\"><\/div><div class=\"guten-shape-divider guten-shape-divider-top\"><\/div><div class=\"guten-shape-divider guten-shape-divider-bottom\"><\/div><div class=\"guten-container guten-column-gap-no\">\n<div class=\"wp-block-gutenverse-column guten-element guten-column guten-yekT7Q\"><div class=\"guten-background-overlay\"><\/div><div class=\"sticky-wrapper\" data-id=\"yekT7Q\"><div class=\"guten-column-wrapper\">\n<div class=\"wp-block-gutenverse-team guten-element guten-team guten-1dhy66 animated guten-element-hide desktop-fadeInUp\"><div class=\"profile-box\"><div class=\"profile-card card-overlay scale\"><img decoding=\"async\" src=\"https:\/\/proyectosdeingenieriagt.com\/wp-content\/themes\/renovater\/assets\/img\/architecture-house-window-building-city-skyscraper-1358360-pxhere.com.webp\" alt=\"Building Construction\"\/><div class=\"profile-body center\"><h3 class=\"profile-title \">Building Construction<\/h3><p class=\"profile-sub\">Sed ut perspiciatis unde omnis iste natus <\/p><\/div><\/div><\/div><\/div>\n<\/div><\/div><\/div>\n\n\n\n<div class=\"wp-block-gutenverse-column guten-element guten-column guten-flKjSs\"><div class=\"guten-background-overlay\"><\/div><div class=\"sticky-wrapper\" data-id=\"flKjSs\"><div class=\"guten-column-wrapper\">\n<div class=\"wp-block-gutenverse-team guten-element guten-team guten-5MeJp8 animated guten-element-hide desktop-fadeInUp\"><div class=\"profile-box\"><div class=\"profile-card card-overlay scale\"><img decoding=\"async\" src=\"https:\/\/proyectosdeingenieriagt.com\/wp-content\/themes\/renovater\/assets\/img\/work-architecture-structure-wood-house-window-959348-pxhere.com.webp\" alt=\"House Renovation\"\/><div class=\"profile-body center\"><h3 class=\"profile-title \">House Renovation<\/h3><p class=\"profile-sub\">Sed ut perspiciatis unde omnis iste natus <\/p><\/div><\/div><\/div><\/div>\n<\/div><\/div><\/div>\n\n\n\n<div class=\"wp-block-gutenverse-column guten-element guten-column guten-CMeCSz\"><div class=\"guten-background-overlay\"><\/div><div class=\"sticky-wrapper\" data-id=\"CMeCSz\"><div class=\"guten-column-wrapper\">\n<div class=\"wp-block-gutenverse-team guten-element guten-team guten-S2ZRhR animated guten-element-hide desktop-fadeInUp\"><div class=\"profile-box\"><div class=\"profile-card card-overlay scale\"><img decoding=\"async\" src=\"https:\/\/proyectosdeingenieriagt.com\/wp-content\/themes\/renovater\/assets\/img\/work-hand-outdoor-fence-deck-board-790920-pxhere.com.webp\" alt=\"House Renovation\"\/><div class=\"profile-body center\"><h3 class=\"profile-title \">House Renovation<\/h3><p class=\"profile-sub\">Sed ut perspiciatis unde omnis iste natus <\/p><\/div><\/div><\/div><\/div>\n<\/div><\/div><\/div>\n<\/div><\/section><\/div>\n\n\n\n<div class=\"section-wrapper\" data-id=\"bSwvuB\"><section class=\"wp-block-gutenverse-section guten-element guten-section guten-bSwvuB animated guten-element-hide desktop-fadeInUp layout-boxed align-stretch\"><div class=\"guten-background-overlay\"><\/div><div class=\"guten-shape-divider guten-shape-divider-top\"><\/div><div class=\"guten-shape-divider guten-shape-divider-bottom\"><\/div><div class=\"guten-container guten-column-gap-no\">\n<div class=\"wp-block-gutenverse-column guten-element guten-column guten-YULBg7\"><div class=\"guten-background-overlay\"><\/div><div class=\"sticky-wrapper\" data-id=\"YULBg7\"><div class=\"guten-column-wrapper\">\n<div class=\"wp-block-gutenverse-team guten-element guten-team guten-EzJs5z animated guten-element-hide desktop-fadeInUp\"><div class=\"profile-box\"><div class=\"profile-card card-overlay scale\"><img decoding=\"async\" src=\"https:\/\/proyectosdeingenieriagt.com\/wp-content\/themes\/renovater\/assets\/img\/man-working-sky-roof-wall-asphalt-1139579-pxhere.com.webp\" alt=\"House Renovation\"\/><div class=\"profile-body center\"><h3 class=\"profile-title \">House Renovation<\/h3><p class=\"profile-sub\">Sed ut perspiciatis unde omnis iste natus <\/p><\/div><\/div><\/div><\/div>\n<\/div><\/div><\/div>\n\n\n\n<div class=\"wp-block-gutenverse-column guten-element guten-column guten-l2nn57\"><div class=\"guten-background-overlay\"><\/div><div class=\"sticky-wrapper\" data-id=\"l2nn57\"><div class=\"guten-column-wrapper\">\n<div class=\"wp-block-gutenverse-team guten-element guten-team guten-Q1Mnd6 animated guten-element-hide desktop-fadeInUp\"><div class=\"profile-box\"><div class=\"profile-card card-overlay scale\"><img decoding=\"async\" src=\"https:\/\/proyectosdeingenieriagt.com\/wp-content\/themes\/renovater\/assets\/img\/work-man-person-people-male-architect-1087298-pxhere.com.webp\" alt=\"House Renovation\"\/><div class=\"profile-body center\"><h3 class=\"profile-title \">House Renovation<\/h3><p class=\"profile-sub\">Sed ut perspiciatis unde omnis iste natus <\/p><\/div><\/div><\/div><\/div>\n<\/div><\/div><\/div>\n\n\n\n<div class=\"wp-block-gutenverse-column guten-element guten-column guten-2u21Rr\"><div class=\"guten-background-overlay\"><\/div><div class=\"sticky-wrapper\" data-id=\"2u21Rr\"><div class=\"guten-column-wrapper\">\n<div class=\"wp-block-gutenverse-team guten-element guten-team guten-eMpGAT animated guten-element-hide desktop-fadeInUp\"><div class=\"profile-box\"><div class=\"profile-card card-overlay scale\"><img decoding=\"async\" src=\"https:\/\/proyectosdeingenieriagt.com\/wp-content\/themes\/renovater\/assets\/img\/work-person-structure-building-military-construction-896347-pxhere.com.webp\" alt=\"House Renovation\"\/><div class=\"profile-body center\"><h3 class=\"profile-title \">House Renovation<\/h3><p class=\"profile-sub\">Sed ut perspiciatis unde omnis iste natus <\/p><\/div><\/div><\/div><\/div>\n<\/div><\/div><\/div>\n<\/div><\/section><\/div>\n<\/div><\/div><\/div>\n<\/div><\/section><\/div>\n","protected":false},"excerpt":{"rendered":"","protected":false},"author":1,"featured_media":0,"parent":0,"menu_order":0,"comment_status":"closed","ping_status":"closed","template":"template-basic","meta":{"footnotes":""},"class_list":["post-16","page","type-page","status-publish","hentry"],"_links":{"self":[{"href":"https:\/\/proyectosdeingenieriagt.com\/index.php\/wp-json\/wp\/v2\/pages\/16","targetHints":{"allow":["GET"]}}],"collection":[{"href":"https:\/\/proyectosdeingenieriagt.com\/index.php\/wp-json\/wp\/v2\/pages"}],"about":[{"href":"https:\/\/proyectosdeingenieriagt.com\/index.php\/wp-json\/wp\/v2\/types\/page"}],"author":[{"embeddable":true,"href":"https:\/\/proyectosdeingenieriagt.com\/index.php\/wp-json\/wp\/v2\/users\/1"}],"replies":[{"embeddable":true,"href":"https:\/\/proyectosdeingenieriagt.com\/index.php\/wp-json\/wp\/v2\/comments?post=16"}],"version-history":[{"count":4,"href":"https:\/\/proyectosdeingenieriagt.com\/index.php\/wp-json\/wp\/v2\/pages\/16\/revisions"}],"predecessor-version":[{"id":120,"href":"https:\/\/proyectosdeingenieriagt.com\/index.php\/wp-json\/wp\/v2\/pages\/16\/revisions\/120"}],"wp:attachment":[{"href":"https:\/\/proyectosdeingenieriagt.com\/index.php\/wp-json\/wp\/v2\/media?parent=16"}],"curies":[{"name":"wp","href":"https:\/\/api.w.org\/{rel}","templated":true}]}}